{"id":3,"date":"2022-10-12T16:58:08","date_gmt":"2022-10-12T16:58:08","guid":{"rendered":"http:\/\/www.nrgplus.global\/?page_id=3"},"modified":"2026-04-24T11:35:07","modified_gmt":"2026-04-24T11:35:07","slug":"privacy-policy","status":"publish","type":"page","link":"https:\/\/nrgplus.global\/esp\/privacy-policy\/","title":{"rendered":"Privacy Policy"},"content":{"rendered":"<div data-elementor-type=\"wp-page\" data-elementor-id=\"3\" class=\"elementor elementor-3\">\n\t\t\t\t\t\t<section class=\"elementor-section elementor-top-section elementor-element elementor-element-2496a442 elementor-section-boxed elementor-section-height-default elementor-section-height-default\" data-id=\"2496a442\" data-element_type=\"section\">\n\t\t\t\t\t\t<div class=\"elementor-container elementor-column-gap-default\">\n\t\t\t\t\t<div class=\"elementor-column elementor-col-100 elementor-top-column elementor-element elementor-element-1c25d296\" data-id=\"1c25d296\" data-element_type=\"column\">\n\t\t\t<div class=\"elementor-widget-wrap elementor-element-populated\">\n\t\t\t\t\t\t<div class=\"elementor-element elementor-element-50fe6702 elementor-widget elementor-widget-text-editor\" data-id=\"50fe6702\" data-element_type=\"widget\" data-widget_type=\"text-editor.default\">\n\t\t\t\t<div class=\"elementor-widget-container\">\n\t\t\t\t\t\t\t\t\t<p>La direcci\u00f3n de nuestro sitio web es: <a href=\"https:\/\/nrgplus.global\/esp\/\">https:\/\/nrgplus.global\/<\/a><\/p>\n<p>Cuando los visitantes dejan comentarios o rellenan formularios en el sitio web, recopilamos los datos que aparecen en los formularios, as\u00ed como la direcci\u00f3n IP del visitante y la cadena del agente de usuario del navegador, con el fin de facilitar la detecci\u00f3n de spam.<\/p>\n<h2>Cookies<\/h2>\n<p>Si dejas un comentario o rellenas formularios en nuestra p\u00e1gina web, puedes optar por guardar tu nombre, direcci\u00f3n de correo electr\u00f3nico y sitio web en cookies. Esto es para tu comodidad, para que no tengas que volver a introducir tus datos cuando dejes otro comentario. Estas cookies tendr\u00e1n una duraci\u00f3n de un a\u00f1o.<\/p>\n<p>Si accedes a nuestra p\u00e1gina de inicio de sesi\u00f3n, estableceremos una cookie temporal para comprobar si tu navegador acepta cookies. Esta cookie no contiene datos personales y se elimina al cerrar el navegador.<\/p>\n<p>Cuando inicies sesi\u00f3n, tambi\u00e9n instalaremos varias cookies para guardar tus datos de inicio de sesi\u00f3n y tus preferencias de visualizaci\u00f3n. Las cookies de inicio de sesi\u00f3n tienen una duraci\u00f3n de dos d\u00edas, mientras que las de preferencias de visualizaci\u00f3n duran un a\u00f1o. Si seleccionas \u00abRecordarme\u00bb, tu sesi\u00f3n se mantendr\u00e1 activa durante dos semanas. Si cierras sesi\u00f3n en tu cuenta, las cookies de inicio de sesi\u00f3n se eliminar\u00e1n.<\/p>\n<p>Si editas o publicas un art\u00edculo, se guardar\u00e1 una cookie adicional en tu navegador. Esta cookie no contiene datos personales y solo indica el ID de la entrada del art\u00edculo que acabas de editar. Caduca al cabo de un d\u00eda.<\/p>\n<h2>Contenido incrustado de otros sitios web<\/h2>\n<p>Los art\u00edculos de este sitio web pueden incluir contenido incrustado (por ejemplo, v\u00eddeos, im\u00e1genes, art\u00edculos, etc.). El contenido incrustado procedente de otros sitios web se comporta exactamente igual que si el visitante hubiera accedido directamente a ese otro sitio web.<\/p>\n<p>Estos sitios web pueden recopilar datos sobre ti, utilizar cookies, incorporar sistemas de seguimiento de terceros y supervisar tu interacci\u00f3n con ese contenido incrustado, incluido el seguimiento de tu interacci\u00f3n con el contenido incrustado si tienes una cuenta y has iniciado sesi\u00f3n en ese sitio web.<\/p>\n<h2>Con qui\u00e9n compartimos tus datos<\/h2>\n<p>Si solicitas restablecer tu contrase\u00f1a, tu direcci\u00f3n IP aparecer\u00e1 en el correo electr\u00f3nico de restablecimiento.<\/p>\n<h2>Durante cu\u00e1nto tiempo conservamos tus datos<\/h2>\n<p>Se lasci un commento o compili un modulo, il commento e i relativi metadati vengono conservati a tempo indeterminato. Questo ci permette di riconoscere e approvare automaticamente eventuali commenti successivi, invece di inserirli in una coda di moderazione.<\/p>\n<h2>\u00bfQu\u00e9 derechos tienes sobre tus datos?<\/h2>\n<p>Si tienes una cuenta en este sitio web, o has dejado comentarios o rellenado formularios con datos personales, puedes solicitar que te enviemos un archivo exportado con los datos personales que tenemos sobre ti, incluidos los datos que nos hayas facilitado. Tambi\u00e9n puedes solicitar que eliminemos cualquier dato personal que tengamos sobre ti. Esto no incluye los datos que estemos obligados a conservar por motivos administrativos, legales o de seguridad.<\/p>\n<h2>A d\u00f3nde enviamos tus datos<\/h2>\n<p>Es posible que se comprueben los visitantes mediante un servicio automatizado de detecci\u00f3n de spam.<\/p>\t\t\t\t\t\t\t\t<\/div>\n\t\t\t\t<\/div>\n\t\t\t\t\t<\/div>\n\t\t<\/div>\n\t\t\t\t\t<\/div>\n\t\t<\/section>\n\t\t\t\t<\/div>","protected":false},"excerpt":{"rendered":"<p>Our website address is: https:\/\/nrgplus.global\/ When visitors leave comments or fill forms on the site we collect the data shown in the forms, and also the visitor\u2019s IP address and browser user agent string to help spam detection. Cookies If you leave a comment or fill forms on our site you may opt-in to saving [&hellip;]<\/p>\n","protected":false},"author":1,"featured_media":0,"parent":0,"menu_order":0,"comment_status":"closed","ping_status":"open","template":"elementor_header_footer","meta":{"ocean_post_layout":"","ocean_both_sidebars_style":"","ocean_both_sidebars_content_width":0,"ocean_both_sidebars_sidebars_width":0,"ocean_sidebar":"0","ocean_second_sidebar":"0","ocean_disable_margins":"enable","ocean_add_body_class":"","ocean_shortcode_before_top_bar":"","ocean_shortcode_after_top_bar":"","ocean_shortcode_before_header":"","ocean_shortcode_after_header":"","ocean_has_shortcode":"","ocean_shortcode_after_title":"","ocean_shortcode_before_footer_widgets":"","ocean_shortcode_after_footer_widgets":"","ocean_shortcode_before_footer_bottom":"","ocean_shortcode_after_footer_bottom":"","ocean_display_top_bar":"default","ocean_display_header":"default","ocean_header_style":"","ocean_center_header_left_menu":"0","ocean_custom_header_template":"0","ocean_custom_logo":0,"ocean_custom_retina_logo":0,"ocean_custom_logo_max_width":0,"ocean_custom_logo_tablet_max_width":0,"ocean_custom_logo_mobile_max_width":0,"ocean_custom_logo_max_height":0,"ocean_custom_logo_tablet_max_height":0,"ocean_custom_logo_mobile_max_height":0,"ocean_header_custom_menu":"0","ocean_menu_typo_font_family":"0","ocean_menu_typo_font_subset":"","ocean_menu_typo_font_size":0,"ocean_menu_typo_font_size_tablet":0,"ocean_menu_typo_font_size_mobile":0,"ocean_menu_typo_font_size_unit":"px","ocean_menu_typo_font_weight":"","ocean_menu_typo_font_weight_tablet":"","ocean_menu_typo_font_weight_mobile":"","ocean_menu_typo_transform":"","ocean_menu_typo_transform_tablet":"","ocean_menu_typo_transform_mobile":"","ocean_menu_typo_line_height":0,"ocean_menu_typo_line_height_tablet":0,"ocean_menu_typo_line_height_mobile":0,"ocean_menu_typo_line_height_unit":"","ocean_menu_typo_spacing":0,"ocean_menu_typo_spacing_tablet":0,"ocean_menu_typo_spacing_mobile":0,"ocean_menu_typo_spacing_unit":"","ocean_menu_link_color":"#1f1646","ocean_menu_link_color_hover":"#fec026","ocean_menu_link_color_active":"","ocean_menu_link_background":"","ocean_menu_link_hover_background":"","ocean_menu_link_active_background":"","ocean_menu_social_links_bg":"","ocean_menu_social_hover_links_bg":"","ocean_menu_social_links_color":"","ocean_menu_social_hover_links_color":"","ocean_disable_title":"on","ocean_disable_heading":"default","ocean_post_title":"","ocean_post_subheading":"","ocean_post_title_style":"","ocean_post_title_background_color":"","ocean_post_title_background":0,"ocean_post_title_bg_image_position":"","ocean_post_title_bg_image_attachment":"","ocean_post_title_bg_image_repeat":"","ocean_post_title_bg_image_size":"","ocean_post_title_height":0,"ocean_post_title_bg_overlay":0.5,"ocean_post_title_bg_overlay_color":"","ocean_disable_breadcrumbs":"default","ocean_breadcrumbs_color":"","ocean_breadcrumbs_separator_color":"","ocean_breadcrumbs_links_color":"","ocean_breadcrumbs_links_hover_color":"","ocean_display_footer_widgets":"default","ocean_display_footer_bottom":"default","ocean_custom_footer_template":"0","footnotes":""},"class_list":["post-3","page","type-page","status-publish","hentry","entry"],"_links":{"self":[{"href":"https:\/\/nrgplus.global\/esp\/wp-json\/wp\/v2\/pages\/3"}],"collection":[{"href":"https:\/\/nrgplus.global\/esp\/wp-json\/wp\/v2\/pages"}],"about":[{"href":"https:\/\/nrgplus.global\/esp\/wp-json\/wp\/v2\/types\/page"}],"author":[{"embeddable":true,"href":"https:\/\/nrgplus.global\/esp\/wp-json\/wp\/v2\/users\/1"}],"replies":[{"embeddable":true,"href":"https:\/\/nrgplus.global\/esp\/wp-json\/wp\/v2\/comments?post=3"}],"version-history":[{"count":10,"href":"https:\/\/nrgplus.global\/esp\/wp-json\/wp\/v2\/pages\/3\/revisions"}],"predecessor-version":[{"id":3869,"href":"https:\/\/nrgplus.global\/esp\/wp-json\/wp\/v2\/pages\/3\/revisions\/3869"}],"wp:attachment":[{"href":"https:\/\/nrgplus.global\/esp\/wp-json\/wp\/v2\/media?parent=3"}],"curies":[{"name":"wp","href":"https:\/\/api.w.org\/{rel}","templated":true}]}}